{"id":4141,"date":"2021-04-13T17:26:44","date_gmt":"2021-04-13T15:26:44","guid":{"rendered":"http:\/\/www.seelearn.eu\/?page_id=4141"},"modified":"2021-12-14T11:42:56","modified_gmt":"2021-12-14T10:42:56","slug":"termini-e-condizioni-di-utilizzo","status":"publish","type":"page","link":"https:\/\/seelearn-emea.fujifilm.com\/it\/termini-e-condizioni-di-utilizzo\/","title":{"rendered":"Termini e condizioni di utilizzo"},"content":{"rendered":"\t\t<div data-elementor-type=\"wp-page\" data-elementor-id=\"4141\" class=\"elementor elementor-4141\">\n\t\t\t\t\t\t\t\t\t<section class=\"has_ma_el_bg_slider elementor-section elementor-top-section elementor-element elementor-element-f4300a9 elementor-section-boxed elementor-section-height-default elementor-section-height-default jltma-glass-effect-no\" data-id=\"f4300a9\" data-element_type=\"section\">\n\t\t\t\t\t\t<div class=\"elementor-container elementor-column-gap-default\">\n\t\t\t\t\t<div class=\"has_ma_el_bg_slider elementor-column elementor-col-100 elementor-top-column elementor-element elementor-element-b64c186 jltma-glass-effect-no\" data-id=\"b64c186\" data-element_type=\"column\">\n\t\t\t<div class=\"elementor-widget-wrap elementor-element-populated\">\n\t\t\t\t\t\t\t\t<div class=\"elementor-element elementor-element-5817f30 jltma-glass-effect-no elementor-widget elementor-widget-heading\" data-id=\"5817f30\" data-element_type=\"widget\" data-widget_type=\"heading.default\">\n\t\t\t\t<div class=\"elementor-widget-container\">\n\t\t\t<h3 class=\"elementor-heading-title elementor-size-default\">Termini e condizioni di utilizzo<\/h3>\t\t<\/div>\n\t\t\t\t<\/div>\n\t\t\t\t<div class=\"elementor-element elementor-element-26b46e5 jltma-glass-effect-no elementor-widget elementor-widget-text-editor\" data-id=\"26b46e5\" data-element_type=\"widget\" data-widget_type=\"text-editor.default\">\n\t\t\t\t<div class=\"elementor-widget-container\">\n\t\t\t\t\t\t\t<p>Grazie per aver visitato questo Sito web. Il presente Sito web, comprese tutte le pagine in lingua locale specifiche del paese e tutte le altre pagine, \u00e8 di propriet\u00e0 di FUJIFILM Europe ed \u00e8 gestito e reso disponibile al pubblico esclusivamente da FUJIFILM allo scopo di offrire a coloro che sono interessati a FUJIFILM Corporation in Europa e ai prodotti e servizi di FUJIFILM un modo utile per trovare informazioni rilevanti, come gli ultimi comunicati stampa, informazioni finanziarie, linee di prodotti, informazioni di contatto locale e siti web di propriet\u00e0 delle controllate FUJIFILM o dei suoi distributori.<\/p><p>L\u2019accesso, la navigazione e l\u2019uso di questo Sito web sono regolati dai seguenti Termini e Condizioni e da qualsiasi altro termine, condizione o linea guida indicati altrove in questo Sito web, nonch\u00e9 da tutte le leggi, le norme e i regolamenti applicabili, inclusi, a titolo esemplificativo ma non esaustivo, le leggi riguardanti i marchi, i diritti d\u2019autore, i diritti di privacy e la diffamazione.<\/p><p>Pertanto, FUJIFILM vi chiede gentilmente di leggere attentamente i Termini e Condizioni.<\/p>\t\t\t\t\t\t<\/div>\n\t\t\t\t<\/div>\n\t\t\t\t\t<\/div>\n\t\t<\/div>\n\t\t\t\t\t\t\t<\/div>\n\t\t<\/section>\n\t\t\t\t<section class=\"has_ma_el_bg_slider elementor-section elementor-top-section elementor-element elementor-element-58afe93 elementor-section-boxed elementor-section-height-default elementor-section-height-default jltma-glass-effect-no\" data-id=\"58afe93\" data-element_type=\"section\">\n\t\t\t\t\t\t<div class=\"elementor-container elementor-column-gap-default\">\n\t\t\t\t\t<div class=\"has_ma_el_bg_slider elementor-column elementor-col-100 elementor-top-column elementor-element elementor-element-74433c6 jltma-glass-effect-no\" data-id=\"74433c6\" data-element_type=\"column\">\n\t\t\t<div class=\"elementor-widget-wrap elementor-element-populated\">\n\t\t\t\t\t\t\t\t<div class=\"elementor-element elementor-element-e1d445d jltma-glass-effect-no elementor-widget elementor-widget-heading\" data-id=\"e1d445d\" data-element_type=\"widget\" data-widget_type=\"heading.default\">\n\t\t\t\t<div class=\"elementor-widget-container\">\n\t\t\t<h3 class=\"elementor-heading-title elementor-size-default\">Uso di questo Sito web<\/h3>\t\t<\/div>\n\t\t\t\t<\/div>\n\t\t\t\t<div class=\"elementor-element elementor-element-13dedfe jltma-glass-effect-no elementor-widget elementor-widget-text-editor\" data-id=\"13dedfe\" data-element_type=\"widget\" data-widget_type=\"text-editor.default\">\n\t\t\t\t<div class=\"elementor-widget-container\">\n\t\t\t\t\t\t\t<p>I presenti Termini e Condizioni si applicano a questo Sito web e a qualsiasi altro sito web che si collega ai Termini e Condizioni. Potete trovare ulteriori termini e condizioni relativi a pagine specifiche in questo Sito web. L\u2019utilizzo di tali pagine all\u2019interno di questo Sito web \u00e8 regolato dai termini e dalle condizioni di tali pagine. In caso di conflitti tra i Termini e Condizioni qui forniti e i termini e le condizioni supplementari forniti altrove in questo Sito web, prevarranno i termini e le condizioni supplementari.<\/p><p>In base ai presenti Termini e Condizioni, FUJIFILM concede all\u2019utente, in base ai diritti di propriet\u00e0 intellettuale di FUJIFILM, un diritto non esclusivo, mondiale, non trasferibile, di utilizzare questo Sito web e i Contenuti in esso inclusi solo per uso personale e non commerciale, subordinatamente alle restrizioni e gli obblighi stabiliti nei presenti Termini e Condizioni. Non sono concessi ulteriori diritti.<\/p>\t\t\t\t\t\t<\/div>\n\t\t\t\t<\/div>\n\t\t\t\t\t<\/div>\n\t\t<\/div>\n\t\t\t\t\t\t\t<\/div>\n\t\t<\/section>\n\t\t\t\t<section class=\"has_ma_el_bg_slider elementor-section elementor-top-section elementor-element elementor-element-d7e1030 elementor-section-boxed elementor-section-height-default elementor-section-height-default jltma-glass-effect-no\" data-id=\"d7e1030\" data-element_type=\"section\">\n\t\t\t\t\t\t<div class=\"elementor-container elementor-column-gap-default\">\n\t\t\t\t\t<div class=\"has_ma_el_bg_slider elementor-column elementor-col-100 elementor-top-column elementor-element elementor-element-e7d9604 jltma-glass-effect-no\" data-id=\"e7d9604\" data-element_type=\"column\">\n\t\t\t<div class=\"elementor-widget-wrap elementor-element-populated\">\n\t\t\t\t\t\t\t\t<div class=\"elementor-element elementor-element-044932f jltma-glass-effect-no elementor-widget elementor-widget-heading\" data-id=\"044932f\" data-element_type=\"widget\" data-widget_type=\"heading.default\">\n\t\t\t\t<div class=\"elementor-widget-container\">\n\t\t\t<h3 class=\"elementor-heading-title elementor-size-default\">1.   Diritti di propriet\u00e0 intellettuale<\/h3>\t\t<\/div>\n\t\t\t\t<\/div>\n\t\t\t\t<div class=\"elementor-element elementor-element-cfdb87d jltma-glass-effect-no elementor-widget elementor-widget-text-editor\" data-id=\"cfdb87d\" data-element_type=\"widget\" data-widget_type=\"text-editor.default\">\n\t\t\t\t<div class=\"elementor-widget-container\">\n\t\t\t\t\t\t\t<p>Se non diversamente specificato o indicato, tutti i testi, i programmi software disponibili su o attraverso questo Sito web, e gli altri contenuti inclusi in questo Sito web (\u201cContenuti\u201d), inclusi i marchi (registrati e non registrati), la grafica, le fotografie, le immagini, i loghi e i marchi di servizio (collettivamente, i \u201cMarchi\u201d) e la selezione, la disposizione e il \u201clook and feel\u201d dei Marchi e degli altri Contenuti sono di propriet\u00e0 di FUJIFILM o di terzi che hanno concesso a FUJIFILM il permesso di utilizzare tali Contenuti su questo Sito web. Tutti i Contenuti sono protetti dalle leggi internazionali sul diritto di autore e sui marchi.<\/p>\t\t\t\t\t\t<\/div>\n\t\t\t\t<\/div>\n\t\t\t\t\t<\/div>\n\t\t<\/div>\n\t\t\t\t\t\t\t<\/div>\n\t\t<\/section>\n\t\t\t\t<section class=\"has_ma_el_bg_slider elementor-section elementor-top-section elementor-element elementor-element-2eb5bdf elementor-section-boxed elementor-section-height-default elementor-section-height-default jltma-glass-effect-no\" data-id=\"2eb5bdf\" data-element_type=\"section\">\n\t\t\t\t\t\t<div class=\"elementor-container elementor-column-gap-default\">\n\t\t\t\t\t<div class=\"has_ma_el_bg_slider elementor-column elementor-col-100 elementor-top-column elementor-element elementor-element-2ffd147 jltma-glass-effect-no\" data-id=\"2ffd147\" data-element_type=\"column\">\n\t\t\t<div class=\"elementor-widget-wrap elementor-element-populated\">\n\t\t\t\t\t\t\t\t<div class=\"elementor-element elementor-element-38183d6 jltma-glass-effect-no elementor-widget elementor-widget-heading\" data-id=\"38183d6\" data-element_type=\"widget\" data-widget_type=\"heading.default\">\n\t\t\t\t<div class=\"elementor-widget-container\">\n\t\t\t<h3 class=\"elementor-heading-title elementor-size-default\">2.   Restrizioni all\u2019uso dei contenuti di questo Sito web<\/h3>\t\t<\/div>\n\t\t\t\t<\/div>\n\t\t\t\t<div class=\"elementor-element elementor-element-4607011 jltma-glass-effect-no elementor-widget elementor-widget-text-editor\" data-id=\"4607011\" data-element_type=\"widget\" data-widget_type=\"text-editor.default\">\n\t\t\t\t<div class=\"elementor-widget-container\">\n\t\t\t\t\t\t\t<p>Ad eccezione di quanto espressamente consentito dalla legge applicabile o consentito qui o altrove nel presente Sito web, o ottenendo il previo consenso scritto da FUJIFILM, o da terzi che hanno il potere, l\u2019autorit\u00e0, i titoli o i diritti necessari per concedere tale permesso legale, \u00e8 vietato modificare, copiare, scaricare, distribuire, trasmettere, visualizzare, pubblicare, vendere, concedere in licenza, creare opere derivate o altrimenti utilizzare qualsiasi Marchio o altro Contenuto disponibile su o attraverso questo Sito web per scopi commerciali o pubblici, incluso, ma non limitato a, l\u2019uso come meta tag su altre pagine o siti web sul World Wide Web. Nulla in questi Termini e Condizioni conferisce all\u2019utente alcun diritto sui Marchi o su altri Contenuti che non sia specificamente menzionato nel presente documento.<\/p>\t\t\t\t\t\t<\/div>\n\t\t\t\t<\/div>\n\t\t\t\t\t<\/div>\n\t\t<\/div>\n\t\t\t\t\t\t\t<\/div>\n\t\t<\/section>\n\t\t\t\t<section class=\"has_ma_el_bg_slider elementor-section elementor-top-section elementor-element elementor-element-4bb032a elementor-section-boxed elementor-section-height-default elementor-section-height-default jltma-glass-effect-no\" data-id=\"4bb032a\" data-element_type=\"section\">\n\t\t\t\t\t\t<div class=\"elementor-container elementor-column-gap-default\">\n\t\t\t\t\t<div class=\"has_ma_el_bg_slider elementor-column elementor-col-100 elementor-top-column elementor-element elementor-element-70d7a63 jltma-glass-effect-no\" data-id=\"70d7a63\" data-element_type=\"column\">\n\t\t\t<div class=\"elementor-widget-wrap elementor-element-populated\">\n\t\t\t\t\t\t\t\t<div class=\"elementor-element elementor-element-f36338d jltma-glass-effect-no elementor-widget elementor-widget-heading\" data-id=\"f36338d\" data-element_type=\"widget\" data-widget_type=\"heading.default\">\n\t\t\t\t<div class=\"elementor-widget-container\">\n\t\t\t<h3 class=\"elementor-heading-title elementor-size-default\">3.   Contenuti di terze parti<\/h3>\t\t<\/div>\n\t\t\t\t<\/div>\n\t\t\t\t<div class=\"elementor-element elementor-element-2167e1e jltma-glass-effect-no elementor-widget elementor-widget-text-editor\" data-id=\"2167e1e\" data-element_type=\"widget\" data-widget_type=\"text-editor.default\">\n\t\t\t\t<div class=\"elementor-widget-container\">\n\t\t\t\t\t\t\t<p>Questo Sito web pu\u00f2 contenere link a siti web e a contenuti di terze parti (\u201cContenuto di terze parti\u201d) come servizio all\u2019utente. Qualsiasi Contenuto di Terze Parti o sito web di terze parti accessibili tramite i link contenuti nel Sito web costituisce informazioni esterne. FUJIFILM non controlla, rivede o aggiorna e non ha alcun controllo sui Contenuti di Terzi o sui siti web di terzi. Salvo espressa indicazione contraria, FUJIFILM non approva o adotta alcun Contenuto di Terzi, e FUJIFILM non rilascia alcuna dichiarazione, garanzia o assicurazione per quanto riguarda l\u2019accuratezza, la completezza, la tempestivit\u00e0 o l\u2019affidabilit\u00e0 di qualsiasi Contenuto di Terzi. Se si utilizzano questi link e i Contenuti di Terzi, lo si fa a proprio rischio. Inoltre, il riferimento a prodotti, servizi, processi o altre informazioni con nome commerciale, marchio, produttore, fornitore o altro, non costituisce o implica alcun avallo, sponsorizzazione o raccomandazione da parte di FUJIFILM.<\/p>\t\t\t\t\t\t<\/div>\n\t\t\t\t<\/div>\n\t\t\t\t\t<\/div>\n\t\t<\/div>\n\t\t\t\t\t\t\t<\/div>\n\t\t<\/section>\n\t\t\t\t<section class=\"has_ma_el_bg_slider elementor-section elementor-top-section elementor-element elementor-element-b76b605 elementor-section-boxed elementor-section-height-default elementor-section-height-default jltma-glass-effect-no\" data-id=\"b76b605\" data-element_type=\"section\">\n\t\t\t\t\t\t<div class=\"elementor-container elementor-column-gap-default\">\n\t\t\t\t\t<div class=\"has_ma_el_bg_slider elementor-column elementor-col-100 elementor-top-column elementor-element elementor-element-9b2a2c9 jltma-glass-effect-no\" data-id=\"9b2a2c9\" data-element_type=\"column\">\n\t\t\t<div class=\"elementor-widget-wrap elementor-element-populated\">\n\t\t\t\t\t\t\t\t<div class=\"elementor-element elementor-element-d489cf9 jltma-glass-effect-no elementor-widget elementor-widget-heading\" data-id=\"d489cf9\" data-element_type=\"widget\" data-widget_type=\"heading.default\">\n\t\t\t\t<div class=\"elementor-widget-container\">\n\t\t\t<h3 class=\"elementor-heading-title elementor-size-default\">4.   Aggiornamenti e revisioni<\/h3>\t\t<\/div>\n\t\t\t\t<\/div>\n\t\t\t\t<div class=\"elementor-element elementor-element-9456dac jltma-glass-effect-no elementor-widget elementor-widget-text-editor\" data-id=\"9456dac\" data-element_type=\"widget\" data-widget_type=\"text-editor.default\">\n\t\t\t\t<div class=\"elementor-widget-container\">\n\t\t\t\t\t\t\t<p>Il Contenuto di questo Sito web \u00e8 fornito da FUJIFILM per comodit\u00e0 dell\u2019utente ed \u00e8 soggetto a modifiche senza preavviso. FUJIFILM pu\u00f2, in qualsiasi momento e di volta in volta, rivedere e aggiornare i Termini e Condizioni e il Contenuto. Vi raccomandiamo di visitare periodicamente questa pagina per rivedere e familiarizzare con tutti i termini e le condizioni attuali e di rivedere questo Sito web in generale per familiarizzare con eventuali aggiornamenti e revisioni.<\/p>\t\t\t\t\t\t<\/div>\n\t\t\t\t<\/div>\n\t\t\t\t\t<\/div>\n\t\t<\/div>\n\t\t\t\t\t\t\t<\/div>\n\t\t<\/section>\n\t\t\t\t<section class=\"has_ma_el_bg_slider elementor-section elementor-top-section elementor-element elementor-element-2d690bd elementor-section-boxed elementor-section-height-default elementor-section-height-default jltma-glass-effect-no\" data-id=\"2d690bd\" data-element_type=\"section\">\n\t\t\t\t\t\t<div class=\"elementor-container elementor-column-gap-default\">\n\t\t\t\t\t<div class=\"has_ma_el_bg_slider elementor-column elementor-col-100 elementor-top-column elementor-element elementor-element-272f7e0 jltma-glass-effect-no\" data-id=\"272f7e0\" data-element_type=\"column\">\n\t\t\t<div class=\"elementor-widget-wrap elementor-element-populated\">\n\t\t\t\t\t\t\t\t<div class=\"elementor-element elementor-element-07900f8 jltma-glass-effect-no elementor-widget elementor-widget-heading\" data-id=\"07900f8\" data-element_type=\"widget\" data-widget_type=\"heading.default\">\n\t\t\t\t<div class=\"elementor-widget-container\">\n\t\t\t<h3 class=\"elementor-heading-title elementor-size-default\">5.   Nessuna garanzia<\/h3>\t\t<\/div>\n\t\t\t\t<\/div>\n\t\t\t\t<div class=\"elementor-element elementor-element-f58cb1f jltma-glass-effect-no elementor-widget elementor-widget-text-editor\" data-id=\"f58cb1f\" data-element_type=\"widget\" data-widget_type=\"text-editor.default\">\n\t\t\t\t<div class=\"elementor-widget-container\">\n\t\t\t\t\t\t\t<p>Questo Sito web, il suo contenuto e i suoi servizi sono forniti \u201ccos\u00ec come sono\u201d, senza garanzie di alcun tipo, espresse o implicite. FUJIFILM declina ogni garanzia, incluse, ma non solo, le garanzie implicite di commerciabilit\u00e0 e idoneit\u00e0 per un particolare scopo, contenuto informativo, integrazione di sistema o accuratezza.<\/p>\t\t\t\t\t\t<\/div>\n\t\t\t\t<\/div>\n\t\t\t\t\t<\/div>\n\t\t<\/div>\n\t\t\t\t\t\t\t<\/div>\n\t\t<\/section>\n\t\t\t\t<section class=\"has_ma_el_bg_slider elementor-section elementor-top-section elementor-element elementor-element-42bd946 elementor-section-boxed elementor-section-height-default elementor-section-height-default jltma-glass-effect-no\" data-id=\"42bd946\" data-element_type=\"section\">\n\t\t\t\t\t\t<div class=\"elementor-container elementor-column-gap-default\">\n\t\t\t\t\t<div class=\"has_ma_el_bg_slider elementor-column elementor-col-100 elementor-top-column elementor-element elementor-element-eead68a jltma-glass-effect-no\" data-id=\"eead68a\" data-element_type=\"column\">\n\t\t\t<div class=\"elementor-widget-wrap elementor-element-populated\">\n\t\t\t\t\t\t\t\t<div class=\"elementor-element elementor-element-7d87de4 jltma-glass-effect-no elementor-widget elementor-widget-heading\" data-id=\"7d87de4\" data-element_type=\"widget\" data-widget_type=\"heading.default\">\n\t\t\t\t<div class=\"elementor-widget-container\">\n\t\t\t<h3 class=\"elementor-heading-title elementor-size-default\">6.   Contatto<\/h3>\t\t<\/div>\n\t\t\t\t<\/div>\n\t\t\t\t<div class=\"elementor-element elementor-element-3688072 jltma-glass-effect-no elementor-widget elementor-widget-text-editor\" data-id=\"3688072\" data-element_type=\"widget\" data-widget_type=\"text-editor.default\">\n\t\t\t\t<div class=\"elementor-widget-container\">\n\t\t\t\t\t\t\t<p>Trovate i nostri dati di contatto alla voce Informazioni Legali.<\/p>\t\t\t\t\t\t<\/div>\n\t\t\t\t<\/div>\n\t\t\t\t\t<\/div>\n\t\t<\/div>\n\t\t\t\t\t\t\t<\/div>\n\t\t<\/section>\n\t\t\t\t\t\t\t<\/div>\n\t\t","protected":false},"excerpt":{"rendered":"<p>Termini e condizioni di utilizzo Grazie per aver visitato questo Sito web. Il presente Sito web, comprese tutte le pagine in lingua locale specifiche del paese e tutte le altre pagine, \u00e8 di propriet\u00e0 di FUJIFILM Europe ed \u00e8 gestito e reso disponibile al pubblico esclusivamente da FUJIFILM allo scopo di offrire a coloro che [&hellip;]<\/p>\n","protected":false},"author":1,"featured_media":0,"parent":0,"menu_order":0,"comment_status":"closed","ping_status":"closed","template":"","meta":[],"_links":{"self":[{"href":"https:\/\/seelearn-emea.fujifilm.com\/it\/wp-json\/wp\/v2\/pages\/4141"}],"collection":[{"href":"https:\/\/seelearn-emea.fujifilm.com\/it\/wp-json\/wp\/v2\/pages"}],"about":[{"href":"https:\/\/seelearn-emea.fujifilm.com\/it\/wp-json\/wp\/v2\/types\/page"}],"author":[{"embeddable":true,"href":"https:\/\/seelearn-emea.fujifilm.com\/it\/wp-json\/wp\/v2\/users\/1"}],"replies":[{"embeddable":true,"href":"https:\/\/seelearn-emea.fujifilm.com\/it\/wp-json\/wp\/v2\/comments?post=4141"}],"version-history":[{"count":4,"href":"https:\/\/seelearn-emea.fujifilm.com\/it\/wp-json\/wp\/v2\/pages\/4141\/revisions"}],"predecessor-version":[{"id":5599,"href":"https:\/\/seelearn-emea.fujifilm.com\/it\/wp-json\/wp\/v2\/pages\/4141\/revisions\/5599"}],"wp:attachment":[{"href":"https:\/\/seelearn-emea.fujifilm.com\/it\/wp-json\/wp\/v2\/media?parent=4141"}],"curies":[{"name":"wp","href":"https:\/\/api.w.org\/{rel}","templated":true}]}}