{"id":9507,"date":"2022-02-14T15:43:45","date_gmt":"2022-02-14T14:43:45","guid":{"rendered":"https:\/\/seelearn-emea.fujifilm.com\/blog-fujifilm\/?page_id=9507"},"modified":"2022-02-14T15:47:08","modified_gmt":"2022-02-14T14:47:08","slug":"terms-conditions-fra","status":"publish","type":"page","link":"https:\/\/seelearn-emea.fujifilm.com\/blog-fujifilm\/terms-conditions-fra\/","title":{"rendered":"Terms &amp; Conditions"},"content":{"rendered":"\t\t<div data-elementor-type=\"wp-page\" data-elementor-id=\"9507\" class=\"elementor elementor-9507\" data-elementor-post-type=\"page\">\n\t\t\t\t\t\t<section class=\"elementor-section elementor-top-section elementor-element elementor-element-f4300a9 elementor-section-boxed elementor-section-height-default elementor-section-height-default\" data-id=\"f4300a9\" data-element_type=\"section\" data-settings=\"{&quot;_ha_eqh_enable&quot;:false}\">\n\t\t\t\t\t\t<div class=\"elementor-container elementor-column-gap-default\">\n\t\t\t\t\t<div class=\"elementor-column elementor-col-100 elementor-top-column elementor-element elementor-element-b64c186\" data-id=\"b64c186\" data-element_type=\"column\">\n\t\t\t<div class=\"elementor-widget-wrap elementor-element-populated\">\n\t\t\t\t\t\t<div class=\"elementor-element elementor-element-5817f30 elementor-widget elementor-widget-heading\" data-id=\"5817f30\" data-element_type=\"widget\" data-widget_type=\"heading.default\">\n\t\t\t\t<div class=\"elementor-widget-container\">\n\t\t\t<h3 class=\"elementor-heading-title elementor-size-default\">\nConditions g\u00e9n\u00e9rales d\u2019utilisation<\/h3>\t\t<\/div>\n\t\t\t\t<\/div>\n\t\t\t\t<div class=\"elementor-element elementor-element-26b46e5 elementor-widget elementor-widget-text-editor\" data-id=\"26b46e5\" data-element_type=\"widget\" data-widget_type=\"text-editor.default\">\n\t\t\t\t<div class=\"elementor-widget-container\">\n\t\t\t\t\t\t\t<p>Merci de votre visite sur ce site. Ce site web, y compris toutes les pages en langue locale sp\u00e9cifique \u00e0 chaque pays et toutes les autres pages, est la propri\u00e9t\u00e9 de FUJIFILM Europe et est maintenu et mis \u00e0 la disposition du public uniquement par FUJIFILM dans le but d\u2019offrir \u00e0 ceux qui sont int\u00e9ress\u00e9s par FUJIFILM Corporation en Europe et par les produits et services de FUJIFILM un moyen pratique de trouver des informations pertinentes, telles que les derniers communiqu\u00e9s de presse, les informations financi\u00e8res, la gamme de produits, les coordonn\u00e9es locales et les sites web appartenant aux filiales de FUJIFILM ou \u00e0 ses distributeurs.<\/p><p>L\u2019acc\u00e8s, la navigation et l\u2019utilisation de ce site web sont r\u00e9gis par les conditions g\u00e9n\u00e9rales suivantes et par toutes les autres conditions g\u00e9n\u00e9rales ou directives \u00e9nonc\u00e9es ailleurs sur ce site Web, ainsi que par toutes les lois, r\u00e8gles et r\u00e9glementations applicables, y compris, mais sans s\u2019y limiter, les lois concernant les marques commerciales, les droits d\u2019auteur, le droit \u00e0 la vie priv\u00e9e et la diffamation.<\/p><p>Par cons\u00e9quent, FUJIFILM vous demande de lire attentivement les conditions g\u00e9n\u00e9rales.<\/p>\t\t\t\t\t\t<\/div>\n\t\t\t\t<\/div>\n\t\t\t\t\t<\/div>\n\t\t<\/div>\n\t\t\t\t\t<\/div>\n\t\t<\/section>\n\t\t\t\t<section class=\"elementor-section elementor-top-section elementor-element elementor-element-58afe93 elementor-section-boxed elementor-section-height-default elementor-section-height-default\" data-id=\"58afe93\" data-element_type=\"section\" data-settings=\"{&quot;_ha_eqh_enable&quot;:false}\">\n\t\t\t\t\t\t<div class=\"elementor-container elementor-column-gap-default\">\n\t\t\t\t\t<div class=\"elementor-column elementor-col-100 elementor-top-column elementor-element elementor-element-74433c6\" data-id=\"74433c6\" data-element_type=\"column\">\n\t\t\t<div class=\"elementor-widget-wrap elementor-element-populated\">\n\t\t\t\t\t\t<div class=\"elementor-element elementor-element-e1d445d elementor-widget elementor-widget-heading\" data-id=\"e1d445d\" data-element_type=\"widget\" data-widget_type=\"heading.default\">\n\t\t\t\t<div class=\"elementor-widget-container\">\n\t\t\t<h3 class=\"elementor-heading-title elementor-size-default\">Utilisation de ce site web<\/h3>\t\t<\/div>\n\t\t\t\t<\/div>\n\t\t\t\t<div class=\"elementor-element elementor-element-13dedfe elementor-widget elementor-widget-text-editor\" data-id=\"13dedfe\" data-element_type=\"widget\" data-widget_type=\"text-editor.default\">\n\t\t\t\t<div class=\"elementor-widget-container\">\n\t\t\t\t\t\t\t<p>Les pr\u00e9sentes conditions g\u00e9n\u00e9rales s\u2019appliquent \u00e0 ce site web et \u00e0 tous les autres sites web qui ont un lien avec les conditions g\u00e9n\u00e9rales. Vous pouvez trouver des conditions g\u00e9n\u00e9rales suppl\u00e9mentaires concernant des pages sp\u00e9cifiques de ce site web. Votre utilisation de ces pages sur ce site est r\u00e9gie par les conditions g\u00e9n\u00e9rales de ces pages. En cas de conflit entre les pr\u00e9sentes conditions g\u00e9n\u00e9rales et les conditions g\u00e9n\u00e9rales suppl\u00e9mentaires pr\u00e9vues ailleurs sur ce site web, les conditions g\u00e9n\u00e9rales suppl\u00e9mentaires pr\u00e9vaudront.<\/p><p>Sous r\u00e9serve des pr\u00e9sentes conditions g\u00e9n\u00e9rales, FUJIFILM vous accorde par la pr\u00e9sente, en vertu des droits de propri\u00e9t\u00e9 intellectuelle de FUJIFILM , un droit non exclusif, mondial et non transf\u00e9rable d\u2019utiliser ce site web et le contenu qui y est inclus uniquement pour un usage personnel et non commercial, sous r\u00e9serve des restrictions et obligations \u00e9nonc\u00e9es dans les pr\u00e9sentes conditions g\u00e9n\u00e9rales. Aucun autre droit n\u2019est accord\u00e9.<\/p>\t\t\t\t\t\t<\/div>\n\t\t\t\t<\/div>\n\t\t\t\t\t<\/div>\n\t\t<\/div>\n\t\t\t\t\t<\/div>\n\t\t<\/section>\n\t\t\t\t<section class=\"elementor-section elementor-top-section elementor-element elementor-element-d7e1030 elementor-section-boxed elementor-section-height-default elementor-section-height-default\" data-id=\"d7e1030\" data-element_type=\"section\" data-settings=\"{&quot;_ha_eqh_enable&quot;:false}\">\n\t\t\t\t\t\t<div class=\"elementor-container elementor-column-gap-default\">\n\t\t\t\t\t<div class=\"elementor-column elementor-col-100 elementor-top-column elementor-element elementor-element-e7d9604\" data-id=\"e7d9604\" data-element_type=\"column\">\n\t\t\t<div class=\"elementor-widget-wrap elementor-element-populated\">\n\t\t\t\t\t\t<div class=\"elementor-element elementor-element-044932f elementor-widget elementor-widget-heading\" data-id=\"044932f\" data-element_type=\"widget\" data-widget_type=\"heading.default\">\n\t\t\t\t<div class=\"elementor-widget-container\">\n\t\t\t<h3 class=\"elementor-heading-title elementor-size-default\">1.   Droits de propri\u00e9t\u00e9 intellectuelle<\/h3>\t\t<\/div>\n\t\t\t\t<\/div>\n\t\t\t\t<div class=\"elementor-element elementor-element-cfdb87d elementor-widget elementor-widget-text-editor\" data-id=\"cfdb87d\" data-element_type=\"widget\" data-widget_type=\"text-editor.default\">\n\t\t\t\t<div class=\"elementor-widget-container\">\n\t\t\t\t\t\t\t<p>Sauf mention ou indication contraire, tous les textes, logiciels disponibles sur ou via ce site web, et tout autre contenu inclus sur ce site web (\u00ab\u00a0Contenu\u00a0\u00bb), y compris les marques (d\u00e9pos\u00e9es et non d\u00e9pos\u00e9es), les graphiques, photographies, images, logos et marques de service (collectivement, les \u00ab\u00a0Marques\u00a0\u00bb) et la s\u00e9lection, l\u2019arrangement et la \u00ab\u00a0pr\u00e9sentation\u00a0\u00bb des Marques et autre Contenu sont la propri\u00e9t\u00e9 de FUJIFILM ou la propri\u00e9t\u00e9 de tiers qui ont autoris\u00e9 FUJIFILM \u00e0 utiliser ce Contenu sur ce site web. Tout le Contenu est prot\u00e9g\u00e9 par les lois internationales sur le droit d\u2019auteur et les marques.<\/p>\t\t\t\t\t\t<\/div>\n\t\t\t\t<\/div>\n\t\t\t\t\t<\/div>\n\t\t<\/div>\n\t\t\t\t\t<\/div>\n\t\t<\/section>\n\t\t\t\t<section class=\"elementor-section elementor-top-section elementor-element elementor-element-2eb5bdf elementor-section-boxed elementor-section-height-default elementor-section-height-default\" data-id=\"2eb5bdf\" data-element_type=\"section\" data-settings=\"{&quot;_ha_eqh_enable&quot;:false}\">\n\t\t\t\t\t\t<div class=\"elementor-container elementor-column-gap-default\">\n\t\t\t\t\t<div class=\"elementor-column elementor-col-100 elementor-top-column elementor-element elementor-element-2ffd147\" data-id=\"2ffd147\" data-element_type=\"column\">\n\t\t\t<div class=\"elementor-widget-wrap elementor-element-populated\">\n\t\t\t\t\t\t<div class=\"elementor-element elementor-element-38183d6 elementor-widget elementor-widget-heading\" data-id=\"38183d6\" data-element_type=\"widget\" data-widget_type=\"heading.default\">\n\t\t\t\t<div class=\"elementor-widget-container\">\n\t\t\t<h3 class=\"elementor-heading-title elementor-size-default\">2.   Restrictions sur l\u2019utilisation du Contenu de ce site web<\/h3>\t\t<\/div>\n\t\t\t\t<\/div>\n\t\t\t\t<div class=\"elementor-element elementor-element-4607011 elementor-widget elementor-widget-text-editor\" data-id=\"4607011\" data-element_type=\"widget\" data-widget_type=\"text-editor.default\">\n\t\t\t\t<div class=\"elementor-widget-container\">\n\t\t\t\t\t\t\t<p>Sauf autorisation expresse en vertu de la loi applicable ou comme autoris\u00e9 ici ou ailleurs sur ce site web, ou en obtenant une autorisation \u00e9crite pr\u00e9alable de FUJIFILM, ou de tout tiers qui a le pouvoir, l\u2019autorit\u00e9, les titres ou les int\u00e9r\u00eats n\u00e9cessaires pour accorder une telle autorisation l\u00e9gale, il vous est interdit de modifier, copier, t\u00e9l\u00e9charger, distribuer, transmettre, afficher, publier, vendre, accorder une licence, cr\u00e9er des \u0153uvres d\u00e9riv\u00e9es ou utiliser de toute autre mani\u00e8re les Marques ou autre Contenu disponibles sur ou via ce site web \u00e0 des fins commerciales ou publiques, y compris, mais sans s\u2019y limiter, l\u2019utilisation comme m\u00e9ta-tags sur d\u2019autres pages ou sites web sur le World Wide Web. Rien dans les pr\u00e9sentes conditions g\u00e9n\u00e9rales ne vous conf\u00e8re de droits sur les marques ou autre contenu qui ne sont pas sp\u00e9cifiquement mentionn\u00e9s dans les pr\u00e9sentes.<\/p>\t\t\t\t\t\t<\/div>\n\t\t\t\t<\/div>\n\t\t\t\t\t<\/div>\n\t\t<\/div>\n\t\t\t\t\t<\/div>\n\t\t<\/section>\n\t\t\t\t<section class=\"elementor-section elementor-top-section elementor-element elementor-element-4bb032a elementor-section-boxed elementor-section-height-default elementor-section-height-default\" data-id=\"4bb032a\" data-element_type=\"section\" data-settings=\"{&quot;_ha_eqh_enable&quot;:false}\">\n\t\t\t\t\t\t<div class=\"elementor-container elementor-column-gap-default\">\n\t\t\t\t\t<div class=\"elementor-column elementor-col-100 elementor-top-column elementor-element elementor-element-70d7a63\" data-id=\"70d7a63\" data-element_type=\"column\">\n\t\t\t<div class=\"elementor-widget-wrap elementor-element-populated\">\n\t\t\t\t\t\t<div class=\"elementor-element elementor-element-f36338d elementor-widget elementor-widget-heading\" data-id=\"f36338d\" data-element_type=\"widget\" data-widget_type=\"heading.default\">\n\t\t\t\t<div class=\"elementor-widget-container\">\n\t\t\t<h3 class=\"elementor-heading-title elementor-size-default\">3.   Contenu tiers<\/h3>\t\t<\/div>\n\t\t\t\t<\/div>\n\t\t\t\t<div class=\"elementor-element elementor-element-2167e1e elementor-widget elementor-widget-text-editor\" data-id=\"2167e1e\" data-element_type=\"widget\" data-widget_type=\"text-editor.default\">\n\t\t\t\t<div class=\"elementor-widget-container\">\n\t\t\t\t\t\t\t<p>Ce site web peut contenir des liens vers des sites web et le contenu de tiers (\u00ab\u00a0Contenu tiers\u00a0\u00bb) en tant que service pour vous. Tout Contenu de tiers ou site web de tiers accessible via les liens contenus sur le site web est une information externe. FUJIFILM ne surveille pas, ne r\u00e9vise pas, ne met pas \u00e0 jour et n\u2019a aucun contr\u00f4le sur le Contenu de tiers ou les sites web de tiers. Sauf indication contraire, FUJIFILM ne cautionne ni n\u2019adopte aucun contenu de tiers, et FUJIFILM ne fait aucune d\u00e9claration, garantie ou assurance quant \u00e0 l\u2019exactitude, l\u2019exhaustivit\u00e9, l\u2019actualit\u00e9 ou la fiabilit\u00e9 de tout contenu de tiers. Si vous utilisez ces liens et le Contenu Tiers, vous le faites enti\u00e8rement \u00e0 vos propres risques. De plus, la r\u00e9f\u00e9rence \u00e0 des produits, services, proc\u00e9d\u00e9s ou autres informations par nom commercial, marque, fabricant, fournisseur ou autre ne constitue pas ou n\u2019implique pas une approbation, un parrainage ou une recommandation de la part de FUJIFILM .<\/p>\t\t\t\t\t\t<\/div>\n\t\t\t\t<\/div>\n\t\t\t\t\t<\/div>\n\t\t<\/div>\n\t\t\t\t\t<\/div>\n\t\t<\/section>\n\t\t\t\t<section class=\"elementor-section elementor-top-section elementor-element elementor-element-b76b605 elementor-section-boxed elementor-section-height-default elementor-section-height-default\" data-id=\"b76b605\" data-element_type=\"section\" data-settings=\"{&quot;_ha_eqh_enable&quot;:false}\">\n\t\t\t\t\t\t<div class=\"elementor-container elementor-column-gap-default\">\n\t\t\t\t\t<div class=\"elementor-column elementor-col-100 elementor-top-column elementor-element elementor-element-9b2a2c9\" data-id=\"9b2a2c9\" data-element_type=\"column\">\n\t\t\t<div class=\"elementor-widget-wrap elementor-element-populated\">\n\t\t\t\t\t\t<div class=\"elementor-element elementor-element-d489cf9 elementor-widget elementor-widget-heading\" data-id=\"d489cf9\" data-element_type=\"widget\" data-widget_type=\"heading.default\">\n\t\t\t\t<div class=\"elementor-widget-container\">\n\t\t\t<h3 class=\"elementor-heading-title elementor-size-default\">4.   Mises \u00e0 jour et r\u00e9visions<\/h3>\t\t<\/div>\n\t\t\t\t<\/div>\n\t\t\t\t<div class=\"elementor-element elementor-element-9456dac elementor-widget elementor-widget-text-editor\" data-id=\"9456dac\" data-element_type=\"widget\" data-widget_type=\"text-editor.default\">\n\t\t\t\t<div class=\"elementor-widget-container\">\n\t\t\t\t\t\t\t<p>Le contenu de ce site web est mis \u00e0 votre disposition par FUJIFILM et est sujet \u00e0 modification sans pr\u00e9avis. FUJIFILM peut, \u00e0 tout moment et de temps en temps, r\u00e9viser et mettre \u00e0 jour les conditions g\u00e9n\u00e9rales et le Contenu. Nous vous recommandons de visiter p\u00e9riodiquement cette page pour revoir et vous familiariser avec les conditions actuelles et de revoir ce site web en g\u00e9n\u00e9ral pour vous familiariser avec toutes les mises \u00e0 jour et r\u00e9visions.<\/p>\t\t\t\t\t\t<\/div>\n\t\t\t\t<\/div>\n\t\t\t\t\t<\/div>\n\t\t<\/div>\n\t\t\t\t\t<\/div>\n\t\t<\/section>\n\t\t\t\t<section class=\"elementor-section elementor-top-section elementor-element elementor-element-2d690bd elementor-section-boxed elementor-section-height-default elementor-section-height-default\" data-id=\"2d690bd\" data-element_type=\"section\" data-settings=\"{&quot;_ha_eqh_enable&quot;:false}\">\n\t\t\t\t\t\t<div class=\"elementor-container elementor-column-gap-default\">\n\t\t\t\t\t<div class=\"elementor-column elementor-col-100 elementor-top-column elementor-element elementor-element-272f7e0\" data-id=\"272f7e0\" data-element_type=\"column\">\n\t\t\t<div class=\"elementor-widget-wrap elementor-element-populated\">\n\t\t\t\t\t\t<div class=\"elementor-element elementor-element-07900f8 elementor-widget elementor-widget-heading\" data-id=\"07900f8\" data-element_type=\"widget\" data-widget_type=\"heading.default\">\n\t\t\t\t<div class=\"elementor-widget-container\">\n\t\t\t<h3 class=\"elementor-heading-title elementor-size-default\">5.   Aucune garantie\n<\/h3>\t\t<\/div>\n\t\t\t\t<\/div>\n\t\t\t\t<div class=\"elementor-element elementor-element-f58cb1f elementor-widget elementor-widget-text-editor\" data-id=\"f58cb1f\" data-element_type=\"widget\" data-widget_type=\"text-editor.default\">\n\t\t\t\t<div class=\"elementor-widget-container\">\n\t\t\t\t\t\t\t<p>Ce site web, son Contenu et ses services sont fournis \u00ab\u00a0tels quels\u00a0\u00bb, sans garantie d\u2019aucune sorte, qu\u2019elle soit expresse ou implicite. FUJIFILM d\u00e9cline toute garantie, y compris, mais sans s\u2019y limiter, les garanties implicites de qualit\u00e9 marchande et d\u2019ad\u00e9quation \u00e0 un usage particulier, de contenu informationnel, d\u2019int\u00e9gration au syst\u00e8me ou d\u2019exactitude.<\/p>\t\t\t\t\t\t<\/div>\n\t\t\t\t<\/div>\n\t\t\t\t\t<\/div>\n\t\t<\/div>\n\t\t\t\t\t<\/div>\n\t\t<\/section>\n\t\t\t\t<section class=\"elementor-section elementor-top-section elementor-element elementor-element-42bd946 elementor-section-boxed elementor-section-height-default elementor-section-height-default\" data-id=\"42bd946\" data-element_type=\"section\" data-settings=\"{&quot;_ha_eqh_enable&quot;:false}\">\n\t\t\t\t\t\t<div class=\"elementor-container elementor-column-gap-default\">\n\t\t\t\t\t<div class=\"elementor-column elementor-col-100 elementor-top-column elementor-element elementor-element-eead68a\" data-id=\"eead68a\" data-element_type=\"column\">\n\t\t\t<div class=\"elementor-widget-wrap elementor-element-populated\">\n\t\t\t\t\t\t<div class=\"elementor-element elementor-element-7d87de4 elementor-widget elementor-widget-heading\" data-id=\"7d87de4\" data-element_type=\"widget\" data-widget_type=\"heading.default\">\n\t\t\t\t<div class=\"elementor-widget-container\">\n\t\t\t<h3 class=\"elementor-heading-title elementor-size-default\">6.   Contact<\/h3>\t\t<\/div>\n\t\t\t\t<\/div>\n\t\t\t\t<div class=\"elementor-element elementor-element-3688072 elementor-widget elementor-widget-text-editor\" data-id=\"3688072\" data-element_type=\"widget\" data-widget_type=\"text-editor.default\">\n\t\t\t\t<div class=\"elementor-widget-container\">\n\t\t\t\t\t\t\t<p>Vous trouverez nos coordonn\u00e9es sous les mentions l\u00e9gales du site.<\/p>\t\t\t\t\t\t<\/div>\n\t\t\t\t<\/div>\n\t\t\t\t\t<\/div>\n\t\t<\/div>\n\t\t\t\t\t<\/div>\n\t\t<\/section>\n\t\t\t\t<\/div>\n\t\t","protected":false},"excerpt":{"rendered":"<p>Conditions g\u00e9n\u00e9rales d\u2019utilisation Merci de votre visite sur ce site. Ce site web, y compris toutes les pages en langue locale sp\u00e9cifique \u00e0 chaque pays et toutes les autres pages, est la propri\u00e9t\u00e9 de FUJIFILM Europe et est maintenu et mis \u00e0 la disposition du public uniquement par FUJIFILM dans le but d\u2019offrir \u00e0 ceux [&hellip;]<\/p>\n","protected":false},"author":1,"featured_media":0,"parent":0,"menu_order":0,"comment_status":"closed","ping_status":"closed","template":"","meta":{"footnotes":""},"class_list":["post-9507","page","type-page","status-publish","hentry"],"yoast_head":"<!-- This site is optimized with the Yoast SEO plugin v23.8 - https:\/\/yoast.com\/wordpress\/plugins\/seo\/ -->\n<title>Terms &amp; Conditions - Blog Fujifilm<\/title>\n<meta name=\"robots\" content=\"index, follow, max-snippet:-1, max-image-preview:large, max-video-preview:-1\" \/>\n<link rel=\"canonical\" href=\"https:\/\/seelearn-emea.fujifilm.com\/blog-fujifilm\/terms-conditions-fra\/\" \/>\n<meta property=\"og:locale\" content=\"it_IT\" \/>\n<meta property=\"og:type\" content=\"article\" \/>\n<meta property=\"og:title\" content=\"Terms &amp; Conditions - Blog Fujifilm\" \/>\n<meta property=\"og:description\" content=\"Conditions g\u00e9n\u00e9rales d\u2019utilisation Merci de votre visite sur ce site. Ce site web, y compris toutes les pages en langue locale sp\u00e9cifique \u00e0 chaque pays et toutes les autres pages, est la propri\u00e9t\u00e9 de FUJIFILM Europe et est maintenu et mis \u00e0 la disposition du public uniquement par FUJIFILM dans le but d\u2019offrir \u00e0 ceux [&hellip;]\" \/>\n<meta property=\"og:url\" content=\"https:\/\/seelearn-emea.fujifilm.com\/blog-fujifilm\/terms-conditions-fra\/\" \/>\n<meta property=\"og:site_name\" content=\"Blog Fujifilm\" \/>\n<meta property=\"article:modified_time\" content=\"2022-02-14T14:47:08+00:00\" \/>\n<meta name=\"twitter:card\" content=\"summary_large_image\" \/>\n<meta name=\"twitter:label1\" content=\"Tempo di lettura stimato\" \/>\n\t<meta name=\"twitter:data1\" content=\"5 minuti\" \/>\n<script type=\"application\/ld+json\" class=\"yoast-schema-graph\">{\"@context\":\"https:\/\/schema.org\",\"@graph\":[{\"@type\":\"WebPage\",\"@id\":\"https:\/\/seelearn-emea.fujifilm.com\/blog-fujifilm\/terms-conditions-fra\/\",\"url\":\"https:\/\/seelearn-emea.fujifilm.com\/blog-fujifilm\/terms-conditions-fra\/\",\"name\":\"Terms &amp; Conditions - Blog Fujifilm\",\"isPartOf\":{\"@id\":\"https:\/\/seelearn-emea.fujifilm.com\/blog-fujifilm\/#website\"},\"datePublished\":\"2022-02-14T14:43:45+00:00\",\"dateModified\":\"2022-02-14T14:47:08+00:00\",\"breadcrumb\":{\"@id\":\"https:\/\/seelearn-emea.fujifilm.com\/blog-fujifilm\/terms-conditions-fra\/#breadcrumb\"},\"inLanguage\":\"it-IT\",\"potentialAction\":[{\"@type\":\"ReadAction\",\"target\":[\"https:\/\/seelearn-emea.fujifilm.com\/blog-fujifilm\/terms-conditions-fra\/\"]}]},{\"@type\":\"BreadcrumbList\",\"@id\":\"https:\/\/seelearn-emea.fujifilm.com\/blog-fujifilm\/terms-conditions-fra\/#breadcrumb\",\"itemListElement\":[{\"@type\":\"ListItem\",\"position\":1,\"name\":\"Home\",\"item\":\"https:\/\/seelearn-emea.fujifilm.com\/blog-fujifilm\/\"},{\"@type\":\"ListItem\",\"position\":2,\"name\":\"Terms &amp; Conditions\"}]},{\"@type\":\"WebSite\",\"@id\":\"https:\/\/seelearn-emea.fujifilm.com\/blog-fujifilm\/#website\",\"url\":\"https:\/\/seelearn-emea.fujifilm.com\/blog-fujifilm\/\",\"name\":\"Blog Fujifilm\",\"description\":\"\",\"potentialAction\":[{\"@type\":\"SearchAction\",\"target\":{\"@type\":\"EntryPoint\",\"urlTemplate\":\"https:\/\/seelearn-emea.fujifilm.com\/blog-fujifilm\/?s={search_term_string}\"},\"query-input\":{\"@type\":\"PropertyValueSpecification\",\"valueRequired\":true,\"valueName\":\"search_term_string\"}}],\"inLanguage\":\"it-IT\"}]}<\/script>\n<!-- \/ Yoast SEO plugin. -->","yoast_head_json":{"title":"Terms &amp; Conditions - Blog Fujifilm","robots":{"index":"index","follow":"follow","max-snippet":"max-snippet:-1","max-image-preview":"max-image-preview:large","max-video-preview":"max-video-preview:-1"},"canonical":"https:\/\/seelearn-emea.fujifilm.com\/blog-fujifilm\/terms-conditions-fra\/","og_locale":"it_IT","og_type":"article","og_title":"Terms &amp; Conditions - Blog Fujifilm","og_description":"Conditions g\u00e9n\u00e9rales d\u2019utilisation Merci de votre visite sur ce site. Ce site web, y compris toutes les pages en langue locale sp\u00e9cifique \u00e0 chaque pays et toutes les autres pages, est la propri\u00e9t\u00e9 de FUJIFILM Europe et est maintenu et mis \u00e0 la disposition du public uniquement par FUJIFILM dans le but d\u2019offrir \u00e0 ceux [&hellip;]","og_url":"https:\/\/seelearn-emea.fujifilm.com\/blog-fujifilm\/terms-conditions-fra\/","og_site_name":"Blog Fujifilm","article_modified_time":"2022-02-14T14:47:08+00:00","twitter_card":"summary_large_image","twitter_misc":{"Tempo di lettura stimato":"5 minuti"},"schema":{"@context":"https:\/\/schema.org","@graph":[{"@type":"WebPage","@id":"https:\/\/seelearn-emea.fujifilm.com\/blog-fujifilm\/terms-conditions-fra\/","url":"https:\/\/seelearn-emea.fujifilm.com\/blog-fujifilm\/terms-conditions-fra\/","name":"Terms &amp; Conditions - Blog Fujifilm","isPartOf":{"@id":"https:\/\/seelearn-emea.fujifilm.com\/blog-fujifilm\/#website"},"datePublished":"2022-02-14T14:43:45+00:00","dateModified":"2022-02-14T14:47:08+00:00","breadcrumb":{"@id":"https:\/\/seelearn-emea.fujifilm.com\/blog-fujifilm\/terms-conditions-fra\/#breadcrumb"},"inLanguage":"it-IT","potentialAction":[{"@type":"ReadAction","target":["https:\/\/seelearn-emea.fujifilm.com\/blog-fujifilm\/terms-conditions-fra\/"]}]},{"@type":"BreadcrumbList","@id":"https:\/\/seelearn-emea.fujifilm.com\/blog-fujifilm\/terms-conditions-fra\/#breadcrumb","itemListElement":[{"@type":"ListItem","position":1,"name":"Home","item":"https:\/\/seelearn-emea.fujifilm.com\/blog-fujifilm\/"},{"@type":"ListItem","position":2,"name":"Terms &amp; Conditions"}]},{"@type":"WebSite","@id":"https:\/\/seelearn-emea.fujifilm.com\/blog-fujifilm\/#website","url":"https:\/\/seelearn-emea.fujifilm.com\/blog-fujifilm\/","name":"Blog Fujifilm","description":"","potentialAction":[{"@type":"SearchAction","target":{"@type":"EntryPoint","urlTemplate":"https:\/\/seelearn-emea.fujifilm.com\/blog-fujifilm\/?s={search_term_string}"},"query-input":{"@type":"PropertyValueSpecification","valueRequired":true,"valueName":"search_term_string"}}],"inLanguage":"it-IT"}]}},"_links":{"self":[{"href":"https:\/\/seelearn-emea.fujifilm.com\/blog-fujifilm\/wp-json\/wp\/v2\/pages\/9507"}],"collection":[{"href":"https:\/\/seelearn-emea.fujifilm.com\/blog-fujifilm\/wp-json\/wp\/v2\/pages"}],"about":[{"href":"https:\/\/seelearn-emea.fujifilm.com\/blog-fujifilm\/wp-json\/wp\/v2\/types\/page"}],"author":[{"embeddable":true,"href":"https:\/\/seelearn-emea.fujifilm.com\/blog-fujifilm\/wp-json\/wp\/v2\/users\/1"}],"replies":[{"embeddable":true,"href":"https:\/\/seelearn-emea.fujifilm.com\/blog-fujifilm\/wp-json\/wp\/v2\/comments?post=9507"}],"version-history":[{"count":4,"href":"https:\/\/seelearn-emea.fujifilm.com\/blog-fujifilm\/wp-json\/wp\/v2\/pages\/9507\/revisions"}],"predecessor-version":[{"id":9511,"href":"https:\/\/seelearn-emea.fujifilm.com\/blog-fujifilm\/wp-json\/wp\/v2\/pages\/9507\/revisions\/9511"}],"wp:attachment":[{"href":"https:\/\/seelearn-emea.fujifilm.com\/blog-fujifilm\/wp-json\/wp\/v2\/media?parent=9507"}],"curies":[{"name":"wp","href":"https:\/\/api.w.org\/{rel}","templated":true}]}}